{"id":379,"date":"2021-04-01T14:51:51","date_gmt":"2021-04-01T14:51:51","guid":{"rendered":"https:\/\/store-demo.versoft.fi?post_type=product&#038;p=379"},"modified":"2026-01-29T12:33:04","modified_gmt":"2026-01-29T12:33:04","slug":"helsinki-airport-pick-up","status":"publish","type":"product","link":"https:\/\/store-demo.versoft.fi\/fi\/tuote\/helsinki-airport-pick-up\/","title":{"rendered":"Helsinki Airport Pick-up"},"content":{"rendered":"<p><span style=\"font-family: Arial,sans-serif;\"><span lang=\"en-US\">Saapumassa Helsinki-Vantaan lentokent\u00e4lle? Tummaan pukuun pukeutunut kuljettajamme vastaanottaa teid\u00e4t lennon saapumisaulassa toivomanne kyltin kanssa teit\u00e4 matkatavaroidenne kanssa avustaen. Olemme seuranneet lennon reaaliaikaista laskeutumisaikaa lentonne aikana perustuen varauksessa antamaanne lennon numeroon. Kuljettajamme on paikalla saapumisaulassa viimeist\u00e4\u00e4n 20 minuuttia lennon laskeutumisesta. Lentokentt\u00e4noudon hinta sis\u00e4lt\u00e4\u00e4 60 minuuttia odotusta.<\/span><\/span><\/p>\n<p>Airport Pick-up-kuljetus on varattavissa 1-6 hengelle. Kuljetuksen m\u00e4\u00e4r\u00e4np\u00e4\u00e4 voi asettua mihin vain osoitteeseen Helsingin, Vantaan, Espoon tai Kauniaisten alueella. Huomioittehan, ett\u00e4 kampanjakuljetusta ostaessanne teid\u00e4n ei tarvitse tiet\u00e4\u00e4 viel\u00e4 ajankohtaa tulevalle kuljetukselle. Kampanja-aikana ostettu erikoishintainen kuljetus on varattavissa koko vuoden 2021 ajan.<\/p>\n<p>&nbsp;<\/p>\n<p>Huomioittehan my\u00f6s, ett\u00e4 tilaus on teht\u00e4v\u00e4 viimeist\u00e4\u00e4n kaksi (2) tuntia ennen kuljetuksen alkamisajankohtaa. Muutokset jo varattuun kuljetukseen sek\u00e4 veloitukseton peruutus on teht\u00e4v\u00e4 viimeist\u00e4\u00e4n kaksi (2 tuntia) ennen kuljetuksen alkamisajankohtaa.<\/p>","protected":false},"excerpt":{"rendered":"<p>Arriving at the Helsinki Airport? Our black-suited chauffeur will greet you with the sign in the arrival hall of the flight. Chauffeur will be glad to assist you with your luggage. Your flight real-landing time is always tracked by our crew based on the flight number you provided in the booking. Our chauffeur will be [&hellip;]<\/p>","protected":false},"featured_media":19499,"template":"","meta":[],"product_brand":[],"product_cat":[15],"product_tag":[],"class_list":{"0":"post-379","1":"product","2":"type-product","3":"status-publish","4":"has-post-thumbnail","6":"product_cat-uncategorized","8":"first","9":"instock","10":"taxable","11":"shipping-taxable","12":"purchasable","13":"product-type-simple"},"_links":{"self":[{"href":"https:\/\/store-demo.versoft.fi\/fi\/wp-json\/wp\/v2\/product\/379","targetHints":{"allow":["GET"]}}],"collection":[{"href":"https:\/\/store-demo.versoft.fi\/fi\/wp-json\/wp\/v2\/product"}],"about":[{"href":"https:\/\/store-demo.versoft.fi\/fi\/wp-json\/wp\/v2\/types\/product"}],"wp:featuredmedia":[{"embeddable":true,"href":"https:\/\/store-demo.versoft.fi\/fi\/wp-json\/wp\/v2\/media\/19499"}],"wp:attachment":[{"href":"https:\/\/store-demo.versoft.fi\/fi\/wp-json\/wp\/v2\/media?parent=379"}],"wp:term":[{"taxonomy":"product_brand","embeddable":true,"href":"https:\/\/store-demo.versoft.fi\/fi\/wp-json\/wp\/v2\/product_brand?post=379"},{"taxonomy":"product_cat","embeddable":true,"href":"https:\/\/store-demo.versoft.fi\/fi\/wp-json\/wp\/v2\/product_cat?post=379"},{"taxonomy":"product_tag","embeddable":true,"href":"https:\/\/store-demo.versoft.fi\/fi\/wp-json\/wp\/v2\/product_tag?post=379"}],"curies":[{"name":"wp","href":"https:\/\/api.w.org\/{rel}","templated":true}]}}