{"id":10,"date":"2021-02-16T14:24:24","date_gmt":"2021-02-16T14:24:24","guid":{"rendered":"http:\/\/wphelsinkilimoshop.dev.versoft.fi\/?post_type=product&#038;p=10"},"modified":"2026-01-29T12:31:51","modified_gmt":"2026-01-29T12:31:51","slug":"e100-3-ride-deal","status":"publish","type":"product","link":"https:\/\/store-demo.versoft.fi\/fi\/tuote\/e100-3-ride-deal\/","title":{"rendered":"THREE RIDE DEAL"},"content":{"rendered":"","protected":false},"excerpt":{"rendered":"<p>Paketti sis\u00e4lt\u00e4\u00e4 kolme (3) yhdensuuntaista kuljetusta p\u00e4\u00e4kaupunkiseudun (Helsinki, Espoo, Kauniainen, Vantaa) alueella. Paketin, jota myyd\u00e4\u00e4n kampanjatuotteena (my\u00f6hemmin t\u00e4ss\u00e4 esittelyss\u00e4 \u201cKampanjatuote\u201d), hinta on 100,00\u20ac. Hinta sis\u00e4lt\u00e4\u00e4 arvonlis\u00e4veron 10%.<\/p>\n<p>&nbsp;<\/p>\n<p>Lunastettuaan kampanjatuotteen asiakas saa k\u00e4ytt\u00e4j\u00e4tunnukset verkkokauppaamme, jonka hallintapaneelin kautta yksitt\u00e4iset kuljetustilaukset ovat teht\u00e4viss\u00e4. Tilauksia on mahdollista tehd\u00e4 yksitt\u00e4in aina 31.12.2021 asti. Kuljetukset ovat tilattava ja k\u00e4ytett\u00e4v\u00e4 01.03.2021-31.12.2021.<\/p>\n<p>&nbsp;<\/p>\n<p>Kampanjatuotteen kuljetuksien muutokset sek\u00e4 peruutukset ovat teht\u00e4viss\u00e4 ainoastaan Helsinki Limo Online Storessa. Asiakaspalvelumme ei k\u00e4sittele kampanjatuotteen kuljetuksien tilauksia, muutoksia eik\u00e4 peruutuksia puhelimitse tai s\u00e4hk\u00f6postitse.<\/p>\n<p>&nbsp;<\/p>\n<p>Kampanjatuotteen kuljetukset on tilattava kuusi (6) tuntia ennen toivottua kuljetusajankohtaa varausj\u00e4rjestelm\u00e4n hallintapaneelin kautta. Peruutukset on teht\u00e4v\u00e4 kuusi (6) tuntia ennen kuljetuksen alkua.<\/p>\n<p>&nbsp;<\/p>\n<p>Kampanjatuotteen kuljetukset ovat varattavissa 1-4 henkil\u00f6lle. Asiakkaan on huomioitava, ett\u00e4 mahdollisten matkatavaroiden on mahduttava sedan-malliseen henkil\u00f6autoon. Palveluntarjoaja pid\u00e4tt\u00e4\u00e4 oikeuden asettaa kampanjatuotteen kuljetuksiin mink\u00e4 tahansa kalustoluokkansa ajoneuvon. Kalustoluokkiin p\u00e4\u00e4see tutustumaan http:\/\/www.helsinkilimo.com\/kalusto. <a href=\"http:\/\/www.helsinkilimo.com\/fleet\">http:\/\/www.helsinkilimo.com\/fleet<\/a>.<\/p>\n<p>&nbsp;<\/p>\n<p>Tilaukset eiv\u00e4t sis\u00e4ll\u00e4 odotusaikaa l\u00e4ht\u00f6osoitteessa eik\u00e4 poikkeamia matkalla. Mahdollisesta odotuksesta tai poikkeamista veloitetaan 1,00\u20ac\/alkava minuutti. Lis\u00e4kulu maksetaan autossa suoraan kuljettajalle.<\/p>\n<p>&nbsp;<\/p>\n<p>Palveluntarjoajalla on oikeus siirt\u00e4\u00e4 toivottua sek\u00e4 varattua l\u00e4ht\u00f6aikaa eteenp\u00e4in, kuitenkin maksimissaan 15 minuuttia. Mahdollisesta muutoksesta ilmoitetaan asiakkaalle viimeist\u00e4\u00e4n 30 minuuttia ennen kuljetuksen alkuper\u00e4ist\u00e4 l\u00e4ht\u00f6aikaa.<\/p>\n<p>&nbsp;<\/p>\n<p>Kampanjatuotteen kuljetuksia ei voi tilata alkamaan Helsinki-Vantaan lentokent\u00e4lt\u00e4 eik\u00e4 p\u00e4\u00e4kaupunkiseudun ulkopuolelta.<\/p>\n<p>&nbsp;<\/p>\n<p>Kampanjahintaisia kuljetuksia on palveluntarjoajan j\u00e4rjestelm\u00e4ss\u00e4 rajoitettu m\u00e4\u00e4r\u00e4, maksimissaan 15 kappaletta\/vuorokauden jokainen tunti. Helsinki Limo Online Store ilmoittaa asiakkaalle kuljetuksen varausvaiheessa, mik\u00e4li kyseinen ajankohta on loppuunmyyty eik\u00e4 kuljetusta ole en\u00e4\u00e4 mahdollista varata kyseiselle ajankohdalle.<\/p>\n<p>&nbsp;<\/p>\n<p>Kampanjan myyntiaika on 01.03.2021-31.03.2021.<\/p>","protected":false},"featured_media":19498,"template":"","meta":[],"product_brand":[],"product_cat":[15],"product_tag":[],"class_list":{"0":"post-10","1":"product","2":"type-product","3":"status-publish","4":"has-post-thumbnail","6":"product_cat-uncategorized","8":"first","9":"instock","10":"taxable","11":"shipping-taxable","12":"purchasable","13":"product-type-simple"},"_links":{"self":[{"href":"https:\/\/store-demo.versoft.fi\/fi\/wp-json\/wp\/v2\/product\/10","targetHints":{"allow":["GET"]}}],"collection":[{"href":"https:\/\/store-demo.versoft.fi\/fi\/wp-json\/wp\/v2\/product"}],"about":[{"href":"https:\/\/store-demo.versoft.fi\/fi\/wp-json\/wp\/v2\/types\/product"}],"wp:featuredmedia":[{"embeddable":true,"href":"https:\/\/store-demo.versoft.fi\/fi\/wp-json\/wp\/v2\/media\/19498"}],"wp:attachment":[{"href":"https:\/\/store-demo.versoft.fi\/fi\/wp-json\/wp\/v2\/media?parent=10"}],"wp:term":[{"taxonomy":"product_brand","embeddable":true,"href":"https:\/\/store-demo.versoft.fi\/fi\/wp-json\/wp\/v2\/product_brand?post=10"},{"taxonomy":"product_cat","embeddable":true,"href":"https:\/\/store-demo.versoft.fi\/fi\/wp-json\/wp\/v2\/product_cat?post=10"},{"taxonomy":"product_tag","embeddable":true,"href":"https:\/\/store-demo.versoft.fi\/fi\/wp-json\/wp\/v2\/product_tag?post=10"}],"curies":[{"name":"wp","href":"https:\/\/api.w.org\/{rel}","templated":true}]}}