{"id":37,"date":"2021-02-17T08:38:33","date_gmt":"2021-02-17T08:38:33","guid":{"rendered":"http:\/\/wphelsinkilimoshop.dev.versoft.fi\/homepage\/"},"modified":"2026-01-29T10:36:32","modified_gmt":"2026-01-29T10:36:32","slug":"homepage","status":"publish","type":"page","link":"https:\/\/store-demo.versoft.fi\/fi\/homepage\/","title":{"rendered":"Kampanjat"},"content":{"rendered":"<div class=\"wp-block-group is-nowrap is-layout-flex wp-container-core-group-is-layout-ad2f72ca wp-block-group-is-layout-flex\"><div data-block-name=\"woocommerce\/featured-product\" data-focal-point=\"{&quot;x&quot;:0.16,&quot;y&quot;:0.31}\" data-image-fit=\"cover\" data-min-height=\"775\" data-product-id=\"10\" class=\"wc-block-featured-product alignnone has-background-dim wp-block-woocommerce-featured-product\" style=\"min-height:775px;\"><div class=\"wc-block-featured-product__wrapper\"><div class=\"background-dim__overlay\" style=\"background-color: #000000\"><\/div><img decoding=\"async\" alt=\"THREE RIDE DEAL\" class=\"wc-block-featured-product__background-image\" src=\"https:\/\/store-demo.versoft.fi\/wp-content\/uploads\/2021\/02\/helsinki_limo_concierge_helsinki-1024x480.jpg\" style=\"object-fit: cover;object-position: 16% 31%;\" \/><div class=\"wc-block-featured-product__inner-blocks\">\n<h2 class=\"has-text-align-center wp-block-post-title\"><a data-wp-on--click=\"woocommerce\/product-collection::actions.viewProduct\" href=\"https:\/\/store-demo.versoft.fi\/fi\/tuote\/e100-3-ride-deal\/\" target=\"_self\" >THREE RIDE DEAL<\/a><\/h2>\n\n<div data-block-name=\"woocommerce\/product-summary\" data-show-description-if-empty=\"true\" data-style=\"{&quot;typography&quot;:{&quot;textAlign&quot;:&quot;center&quot;}}\" data-summary-length=\"80\" class=\"wp-block-woocommerce-product-summary\"><div class=\"wc-block-components-product-summary has-text-align-center\" style=\"\">\n\t\t\t\t<p>Paketti sis\u00e4lt\u00e4\u00e4 kolme (3) yhdensuuntaista kuljetusta p\u00e4\u00e4kaupunkiseudun (Helsinki, Espoo, Kauniainen, Vantaa) alueella. Paketin, jota myyd\u00e4\u00e4n kampanjatuotteena (my\u00f6hemmin t\u00e4ss\u00e4 esittelyss\u00e4 \u201cKampanjatuote\u201d), hinta on 100,00\u20ac. Hinta sis\u00e4lt\u00e4\u00e4 arvonlis\u00e4veron 10%.<\/p>\n\t\t\t<\/div><\/div>\n\n<div data-block-name=\"woocommerce\/product-price\" data-style=\"{&quot;spacing&quot;:{&quot;padding&quot;:{&quot;bottom&quot;:&quot;16px&quot;}}}\" data-text-align=\"center\" style=\"padding-bottom:16px; padding-bottom:16px;\" class=\"has-text-align-center wp-block-woocommerce-product-price\" ><div class=\"wc-block-components-product-price wc-block-grid__product-price\" >\n\t\t\t\t\t<span class=\"woocommerce-Price-amount amount\"><bdi>100,00&nbsp;<span class=\"woocommerce-Price-currencySymbol\">&euro;<\/span><\/bdi><\/span>\n\t\t\t\t<\/div><\/div>\n\n\n<div class=\"wp-block-buttons is-content-justification-center is-layout-flex wp-container-core-buttons-is-layout-16018d1d wp-block-buttons-is-layout-flex\">\n<div class=\"wp-block-button\"><a class=\"wp-block-button__link wp-element-button\" href=\"https:\/\/store-demo.versoft.fi\/fi\/tuote\/e100-3-ride-deal\/\">Shop now<\/a><\/div>\n<\/div>\n\n<\/div><\/div><\/div>\n\n<div data-block-name=\"woocommerce\/featured-product\" data-image-fit=\"cover\" data-min-height=\"774\" data-product-id=\"379\" class=\"wc-block-featured-product alignnone has-background-dim wp-block-woocommerce-featured-product\" style=\"min-height:774px;\"><div class=\"wc-block-featured-product__wrapper\"><div class=\"background-dim__overlay\" style=\"background-color: #000000\"><\/div><img decoding=\"async\" alt=\"Helsinki Airport Pick-up\" class=\"wc-block-featured-product__background-image\" src=\"https:\/\/store-demo.versoft.fi\/wp-content\/uploads\/2021\/04\/Lexus-ES-hybrid-Haven-1024x683.jpg\" style=\"object-fit: cover;object-position: 50% 50%;\" \/><div class=\"wc-block-featured-product__inner-blocks\">\n<h2 class=\"has-text-align-center wp-block-post-title\"><a data-wp-on--click=\"woocommerce\/product-collection::actions.viewProduct\" href=\"https:\/\/store-demo.versoft.fi\/fi\/tuote\/helsinki-airport-pick-up\/\" target=\"_self\" >Helsinki Airport Pick-up<\/a><\/h2>\n\n<div data-block-name=\"woocommerce\/product-summary\" data-show-description-if-empty=\"true\" data-style=\"{&quot;typography&quot;:{&quot;textAlign&quot;:&quot;center&quot;}}\" data-summary-length=\"80\" class=\"wp-block-woocommerce-product-summary\"><div class=\"wc-block-components-product-summary has-text-align-center\" style=\"\">\n\t\t\t\t<p><span style=\"font-family: Arial,sans-serif\"><span lang=\"en-US\">Saapumassa Helsinki-Vantaan lentokent\u00e4lle? Tummaan pukuun pukeutunut kuljettajamme vastaanottaa teid\u00e4t lennon saapumisaulassa toivomanne kyltin kanssa teit\u00e4 matkatavaroidenne kanssa avustaen. Olemme seuranneet lennon reaaliaikaista laskeutumisaikaa lentonne aikana perustuen varauksessa antamaanne lennon numeroon. Kuljettajamme on paikalla saapumisaulassa viimeist\u00e4\u00e4n 20 minuuttia lennon laskeutumisesta. Lentokentt\u00e4noudon hinta sis\u00e4lt\u00e4\u00e4 60 minuuttia odotusta.<\/span><\/span><\/p>\n\t\t\t<\/div><\/div>\n\n<div data-block-name=\"woocommerce\/product-price\" data-style=\"{&quot;spacing&quot;:{&quot;padding&quot;:{&quot;bottom&quot;:&quot;16px&quot;}}}\" data-text-align=\"center\" style=\"padding-bottom:16px; padding-bottom:16px;\" class=\"has-text-align-center wp-block-woocommerce-product-price\" ><div class=\"wc-block-components-product-price wc-block-grid__product-price\" >\n\t\t\t\t\t<span class=\"woocommerce-Price-amount amount\"><bdi>65,00&nbsp;<span class=\"woocommerce-Price-currencySymbol\">&euro;<\/span><\/bdi><\/span>\n\t\t\t\t<\/div><\/div>\n\n\n<div class=\"wp-block-buttons is-content-justification-center is-layout-flex wp-container-core-buttons-is-layout-16018d1d wp-block-buttons-is-layout-flex\">\n<div class=\"wp-block-button\"><a class=\"wp-block-button__link wp-element-button\" href=\"https:\/\/store-demo.versoft.fi\/fi\/tuote\/helsinki-airport-pick-up\/\">Shop now<\/a><\/div>\n<\/div>\n\n<\/div><\/div><\/div><\/div>\n\n\n\n<p><\/p>","protected":false},"excerpt":{"rendered":"","protected":false},"author":1,"featured_media":0,"parent":0,"menu_order":0,"comment_status":"closed","ping_status":"closed","template":"template-fullwidth.php","meta":{"footnotes":""},"class_list":["post-37","page","type-page","status-publish","hentry"],"_links":{"self":[{"href":"https:\/\/store-demo.versoft.fi\/fi\/wp-json\/wp\/v2\/pages\/37","targetHints":{"allow":["GET"]}}],"collection":[{"href":"https:\/\/store-demo.versoft.fi\/fi\/wp-json\/wp\/v2\/pages"}],"about":[{"href":"https:\/\/store-demo.versoft.fi\/fi\/wp-json\/wp\/v2\/types\/page"}],"author":[{"embeddable":true,"href":"https:\/\/store-demo.versoft.fi\/fi\/wp-json\/wp\/v2\/users\/1"}],"replies":[{"embeddable":true,"href":"https:\/\/store-demo.versoft.fi\/fi\/wp-json\/wp\/v2\/comments?post=37"}],"version-history":[{"count":16,"href":"https:\/\/store-demo.versoft.fi\/fi\/wp-json\/wp\/v2\/pages\/37\/revisions"}],"predecessor-version":[{"id":19484,"href":"https:\/\/store-demo.versoft.fi\/fi\/wp-json\/wp\/v2\/pages\/37\/revisions\/19484"}],"wp:attachment":[{"href":"https:\/\/store-demo.versoft.fi\/fi\/wp-json\/wp\/v2\/media?parent=37"}],"curies":[{"name":"wp","href":"https:\/\/api.w.org\/{rel}","templated":true}]}}