{"id":110,"date":"2021-02-24T10:38:59","date_gmt":"2021-02-24T10:38:59","guid":{"rendered":"http:\/\/wphelsinkilimoshop.dev.versoft.fi\/?page_id=110"},"modified":"2023-12-18T10:41:25","modified_gmt":"2023-12-18T10:41:25","slug":"terms-conditions","status":"publish","type":"page","link":"https:\/\/store-demo.versoft.fi\/fi\/terms-conditions\/","title":{"rendered":"Service and subscription conditions &#8211; HL Charter Oy"},"content":{"rendered":"<p><strong>1. Yleist\u00e4<\/strong> These terms of service (&#8220;Terms&#8221;) apply to the services provided by HL Charter Oy, doing business as Helsinki Limo (business ID 2458816-0) (&#8220;Service Provider&#8221;). By ordering the service or registering in the reservation system, the customer (&#8220;Customer&#8221;) accepts these Terms and agrees to comply with them. Please review these Terms before ordering the service by phone, email, or through the electronic reservation system.<\/p>\n\n\n\n<p><strong>2. Palvelun kuvaus<\/strong> Palvelulla tarkoitetaan n\u00e4iss\u00e4 K\u00e4ytt\u00f6ehdoissa Palveluntarjoajan tarjoamia henkil\u00f6kuljetuksia, jotka Asiakas pystyy tilaamaan puhelimitse, s\u00e4hk\u00f6postitse tai varausj\u00e4rjestelm\u00e4n kautta osoitteesta https:\/\/www.store.helsinkilimo.com. K\u00e4ytt\u00f6ehtoja sovelletaan kaikkiin edell\u00e4 mainituilla tavoilla tehtyihin kuljetustilauksiin. \nN\u00e4iden K\u00e4ytt\u00f6ehtojen tarkoituksena on s\u00e4\u00e4dell\u00e4 Palveluntarjoajan ja Asiakkaan v\u00e4lisi\u00e4 oikeuksia ja velvollisuuksia. N\u00e4iss\u00e4 ehdoissa kuvataan Palvelun tilaukseen, peruutukseen ja maksamiseen liittyv\u00e4t ehdot.\nPalveluntarjoaja pid\u00e4tt\u00e4\u00e4 oikeuden tehd\u00e4 muutoksia K\u00e4ytt\u00f6ehtoihin milloin tahansa. Asiakas sitoutuu noudattamaan kulloinkin tilaushetkell\u00e4 voimassa olevia K\u00e4ytt\u00f6ehtoja. <a href=\"https:\/\/www.store.helsinkilimo.com\/\">https:\/\/www.store.helsinkilimo.com<\/a>. These Terms apply to all transportation orders made through the aforementioned methods. The purpose of these Terms is to regulate the rights and obligations between the Service Provider and the Customer, describing the conditions related to the ordering, cancellation, and payment of the Service. The Service Provider reserves the right to make changes to the Terms at any time, and the Customer agrees to comply with the Terms in force at the time of the order.<\/p>\n\n\n\n<p><strong>3. Palvelun tilaaminen<\/strong> Asiakas tilaa Palvelun puhelimitse, s\u00e4hk\u00f6postitse tai varausj\u00e4rjestelm\u00e4n kautta osoitteesta <a href=\"https:\/\/www.store.helsinkilimo.com\/\">https:\/\/www.store.helsinkilimo.com<\/a>Tilaamalla Palvelun Asiakas tekee sitovan tilauksen kuljetuspalvelusta.\nAsiakas vastaa Palveluntarjoajalle antamiensa tietojen oikeellisuudesta tai virheett\u00f6myydest\u00e4. Kun Palvelu tilataan toisen henkil\u00f6n puolesta, Asiakas vastaa siit\u00e4, ett\u00e4 h\u00e4nell\u00e4 on asianmukainen oikeus luovuttaa toisen henkil\u00f6n tiedot Palveluntarjoajalle. Mik\u00e4li Asiakas tilaa Palvelun yhteis\u00f6n edustajana, h\u00e4n vastaa siit\u00e4, ett\u00e4 h\u00e4nell\u00e4 on oikeus edustaa yhteis\u00f6\u00e4 ja hyv\u00e4ksyy K\u00e4ytt\u00f6ehdot sek\u00e4 itse\u00e4\u00e4n ett\u00e4 edustamaansa tahoa sitoviksi. \nAsiakkaan tulee ilmoittaa Palveluntarjoajalle tiedoissa tapahtuneista muutoksista, mik\u00e4li se on tarpeen Palvelun tuottamiseksi. Palveluntarjoaja ei vastaa puuttuvien, virheellisten tai vanhentuneiden tietojen k\u00e4yt\u00f6st\u00e4 aiheutuvista ongelmista Palvelun tuottamisessa.<\/p>\n\n\n\n<p><strong>4. Palvelun hinta ja maksaminen<\/strong> Palveluntarjoaja veloittaa Palvelusta palveluhinnastonsa mukaan. Palvelun hinnat ilmoitetaan euroissa (EUR) ja ne sis\u00e4lt\u00e4v\u00e4t arvonlis\u00e4veron. Mik\u00e4li Asiakkaalla on kuljetukseen liittyen erityistoiveita, Palveluntarjoaja voi peri\u00e4 n\u00e4ist\u00e4 lis\u00e4maksuja palveluhinnastonsa mukaisesti. Palveluntarjoaja pid\u00e4tt\u00e4\u00e4 oikeuden muuttaa hintoja milloin tahansa. Kun Asiakas on vastaanottanut tilausvahvistuksen, ei Palveluntarjoajalla kuitenkaan ole en\u00e4\u00e4 oikeutta muuttaa hintoja. \nS\u00e4hk\u00f6isen varausj\u00e4rjestelm\u00e4n<a href=\"https:\/\/www.store.helsinkilimo.com\/\">https:\/\/www.store.helsinkilimo.com<\/a>kautta tehtyjen tilausten maksunv\u00e4litt\u00e4j\u00e4n\u00e4 toimii Paytrail Oyj (y-tunnus 2122839-7), joka on rekister\u00f6ity Finanssivalvonnan yll\u00e4pit\u00e4m\u00e4\u00e4n maksulaitosrekisteriin. T\u00e4ll\u00f6in Asiakkaan laskulla maksun saajana n\u00e4kyy Paytrail Oyj, joka v\u00e4litt\u00e4\u00e4 maksut Palveluntarjoajalle. Kaikki maksutapahtumaa koskevat tiedot v\u00e4litet\u00e4\u00e4n k\u00e4ytt\u00e4en salattua yhteytt\u00e4. Maksukorttien tiedot tallentuvat vain maksunv\u00e4litt\u00e4j\u00e4n j\u00e4rjestelm\u00e4\u00e4n, eik\u00e4 Palveluntarjoaja k\u00e4sittele niit\u00e4 miss\u00e4\u00e4n vaiheessa. Lis\u00e4\u00e4 tietoa osoitteessa https:\/\/www.paytrail.com\/. \nMaksamiseen liittyviss\u00e4 ongelmatilanteissa Asiakasta pyydet\u00e4\u00e4n ensisijaisesti ottamaan yhteytt\u00e4 Palveluntarjoajan asiakaspalveluun.\ninfo@helsinkilimo.com<\/p>\n\n\n\n<p><strong>5. Palvelun tilauksen peruuttaminen<\/strong> Asiakkaan tulee tehd\u00e4 peruutukset ja muutostoiveet tilaamaansa Palveluun verkkokaupan hallintapaneelin kautta, puhelimitse Palveluntarjoajan asiakaspalvelun numeroon +358 100 3000 tai s\u00e4hk\u00f6postitse <a href=\"mailto:info@helsinkilimo.com\">info@helsinkilimo.com<\/a>alla olevien kalustoluokittain m\u00e4\u00e4r\u00e4ytyvien yleisten peruutusehtojen mukaan.<\/p>\n\n\n\n<ul class=\"wp-block-list\"><li>Yleiset peruutusehdot kalustoluokittain \n\n-\tBusiness sedan and minivan: Jos Palvelun tilaus peruutetaan alle 12 tuntia ennen tilausajon alkua, Palveluntarjoajalla on oikeus veloittaa Asiakkaalta t\u00e4ysi hinta (100 %) Palvelusta.\n-\tLuxury sedan and bus: Jos Palvelun tilaus peruutetaan 24\u201312 tuntia ennen tilausajon alkua, Palveluntarjoajalla on oikeus veloittaa Asiakkaalta puolet (50 %) Palvelun hinnasta.<\/li><li>Poikkeukselliset peruutusehdot sovitaan tarjousvaiheessa erikseen Palveluntarjoajan ja Asiakkaan v\u00e4lill\u00e4. \nMik\u00e4li Asiakkaan tilaama kuljetus ei saavu Palveluntarjoajan ja Asiakkaan ennalta sopimaan aikaan, Asiakkaan tulee ottaa v\u00e4litt\u00f6m\u00e4sti yhteytt\u00e4 Palveluntarjoajan tilauspalvelun numeroon +358 100 3000.\nMik\u00e4li Asiakas ei saavu paikalle ennalta sovittuun aikaan, h\u00e4neen yritet\u00e4\u00e4n ottaa yhteytt\u00e4 puhelimitse. Jos Asiakkaaseen ei saada yhteytt\u00e4 puhelimitse, kuljettaja odottaa Asiakasta sovitussa paikassa 10 minuuttia sovitun ajan j\u00e4lkeen.<\/li><\/ul>\n\n\n\n<p><strong>6. Reklamaatiot<\/strong> Kaikissa reklamaatiotilanteissa Asiakkaan tulee olla mahdollisimman pian yhteydess\u00e4 suoraan Palveluntarjoajan tilauspalveluun puhelimitse numeroon +358 100 3000.<\/p>\n\n\n\n<p><strong>7. Tietosuoja<\/strong> Palveluntarjoaja noudattaa henkil\u00f6tietojen k\u00e4sittelyss\u00e4 EU:n yleisest\u00e4 tietosuoja-asetusta (2016\/679) sek\u00e4 muuta soveltuvaa tietosuojalains\u00e4\u00e4d\u00e4nt\u00f6\u00e4. Palveluntarjoaja toimii sovellettavassa tietosuojalains\u00e4\u00e4d\u00e4nn\u00f6ss\u00e4 tarkoitettuna rekisterinpit\u00e4j\u00e4n\u00e4. Palveluntarjoaja on rekisterinpit\u00e4j\u00e4n\u00e4 vastuussa Asiakkaan henkil\u00f6tiedoista ja niiden k\u00e4sittelyn lainmukaisuudesta sovellettavan tietosuojalains\u00e4\u00e4d\u00e4nn\u00f6n mukaisesti.\nPalveluntarjoaja k\u00e4sittelee henkil\u00f6tietoja Palvelun tietosuojaselosteessa [linkki t\u00e4h\u00e4n] esitettyjen periaatteiden mukaisesti. Asiakas hyv\u00e4ksyy periaatteet tilatessaan Palvelun.\nPalveluntarjoaja j\u00e4rjest\u00e4\u00e4 Palvelunsa tietoturvan yleisesti hyv\u00e4ksytt\u00e4v\u00e4ll\u00e4 tavalla ja tehokkaasti ja pyrkii asianmukaisin teknisin ratkaisuin est\u00e4m\u00e4\u00e4n asiattomien p\u00e4\u00e4syn tietoj\u00e4rjestelmiins\u00e4.\nS\u00e4hk\u00f6iseen varausj\u00e4rjestelm\u00e4\u00e4n rekister\u00f6ityess\u00e4\u00e4n Asiakas on vastuussa k\u00e4ytt\u00e4j\u00e4tunnuksensa ja salasanansa salassapidosta.<\/p>\n\n\n\n<p><strong>8. Sovellettava laki ja erimielisyyksien ratkaiseminen<\/strong> N\u00e4ist\u00e4 K\u00e4ytt\u00f6ehdoista aiheutuviin riitoihin sovelletaan Suomen lakia. N\u00e4ihin K\u00e4ytt\u00f6ehtoihin perustuvat tai n\u00e4iden ehtojen tarkoittamaan Palveluun liittyv\u00e4t erimielisyydet pyrit\u00e4\u00e4n ratkaisemaan ensisijaisesti sopijapuolten v\u00e4lisin neuvotteluin. Kaikki n\u00e4it\u00e4 K\u00e4ytt\u00f6ehtoja tai niiden soveltamista koskevat erimielisyydet, joita ei voida neuvotteluteitse sopia, ratkaistaan viimek\u00e4dess\u00e4 Helsingin k\u00e4r\u00e4j\u00e4oikeudessa.<\/p>","protected":false},"excerpt":{"rendered":"<p>1. General These terms of service (&#8220;Terms&#8221;) apply to the services provided by HL Charter Oy, doing business as Helsinki Limo (business ID 2458816-0) (&#8220;Service Provider&#8221;). By ordering the service or registering in the reservation system, the customer (&#8220;Customer&#8221;) accepts these Terms and agrees to comply with them. Please review these Terms before ordering the [&hellip;]<\/p>","protected":false},"author":3,"featured_media":0,"parent":0,"menu_order":0,"comment_status":"closed","ping_status":"closed","template":"","meta":{"footnotes":""},"class_list":["post-110","page","type-page","status-publish","hentry"],"_links":{"self":[{"href":"https:\/\/store-demo.versoft.fi\/fi\/wp-json\/wp\/v2\/pages\/110","targetHints":{"allow":["GET"]}}],"collection":[{"href":"https:\/\/store-demo.versoft.fi\/fi\/wp-json\/wp\/v2\/pages"}],"about":[{"href":"https:\/\/store-demo.versoft.fi\/fi\/wp-json\/wp\/v2\/types\/page"}],"author":[{"embeddable":true,"href":"https:\/\/store-demo.versoft.fi\/fi\/wp-json\/wp\/v2\/users\/3"}],"replies":[{"embeddable":true,"href":"https:\/\/store-demo.versoft.fi\/fi\/wp-json\/wp\/v2\/comments?post=110"}],"version-history":[{"count":3,"href":"https:\/\/store-demo.versoft.fi\/fi\/wp-json\/wp\/v2\/pages\/110\/revisions"}],"predecessor-version":[{"id":10581,"href":"https:\/\/store-demo.versoft.fi\/fi\/wp-json\/wp\/v2\/pages\/110\/revisions\/10581"}],"wp:attachment":[{"href":"https:\/\/store-demo.versoft.fi\/fi\/wp-json\/wp\/v2\/media?parent=110"}],"curies":[{"name":"wp","href":"https:\/\/api.w.org\/{rel}","templated":true}]}}